{"id":50,"date":"2019-02-06T12:13:31","date_gmt":"2019-02-06T12:13:31","guid":{"rendered":"https:\/\/koparka.bielsko.pl\/?page_id=50"},"modified":"2019-02-06T12:35:49","modified_gmt":"2019-02-06T12:35:49","slug":"galeria-testowa","status":"publish","type":"page","link":"https:\/\/koparka.bielsko.pl\/index.php\/galeria-testowa\/","title":{"rendered":"Galeria realizacji"},"content":{"rendered":"<div id='gallery-1' class='gallery galleryid-50 gallery-columns-2 gallery-size-medium'><figure class='gallery-item'>\n\t\t\t<div class='gallery-icon landscape'>\n\t\t\t\t<a href='https:\/\/koparka.bielsko.pl\/wp-content\/uploads\/2019\/02\/Messaging1549443312903.jpg' title=\"\" data-rl_title=\"\" class=\"rl-gallery-link\" data-rl_caption=\"\" data-rel=\"lightbox-gallery-1\"><img loading=\"lazy\" decoding=\"async\" width=\"300\" height=\"169\" src=\"https:\/\/koparka.bielsko.pl\/wp-content\/uploads\/2019\/02\/Messaging1549443312903-300x169.jpg\" class=\"attachment-medium size-medium\" alt=\"Us\u0142ugi koparko-\u0142adowark\u0105\" srcset=\"https:\/\/koparka.bielsko.pl\/wp-content\/uploads\/2019\/02\/Messaging1549443312903-300x169.jpg 300w, https:\/\/koparka.bielsko.pl\/wp-content\/uploads\/2019\/02\/Messaging1549443312903-768x432.jpg 768w, https:\/\/koparka.bielsko.pl\/wp-content\/uploads\/2019\/02\/Messaging1549443312903-200x113.jpg 200w, https:\/\/koparka.bielsko.pl\/wp-content\/uploads\/2019\/02\/Messaging1549443312903-320x180.jpg 320w, https:\/\/koparka.bielsko.pl\/wp-content\/uploads\/2019\/02\/Messaging1549443312903-384x216.jpg 384w, https:\/\/koparka.bielsko.pl\/wp-content\/uploads\/2019\/02\/Messaging1549443312903-480x270.jpg 480w, https:\/\/koparka.bielsko.pl\/wp-content\/uploads\/2019\/02\/Messaging1549443312903-560x315.jpg 560w, https:\/\/koparka.bielsko.pl\/wp-content\/uploads\/2019\/02\/Messaging1549443312903-600x338.jpg 600w, https:\/\/koparka.bielsko.pl\/wp-content\/uploads\/2019\/02\/Messaging1549443312903-720x405.jpg 720w, https:\/\/koparka.bielsko.pl\/wp-content\/uploads\/2019\/02\/Messaging1549443312903-880x495.jpg 880w, https:\/\/koparka.bielsko.pl\/wp-content\/uploads\/2019\/02\/Messaging1549443312903.jpg 960w\" sizes=\"auto, (max-width: 300px) 100vw, 300px\" \/><\/a>\n\t\t\t<\/div><\/figure><figure class='gallery-item'>\n\t\t\t<div class='gallery-icon landscape'>\n\t\t\t\t<a href='https:\/\/koparka.bielsko.pl\/wp-content\/uploads\/2019\/02\/Messaging1549443315944.jpg' title=\"\" data-rl_title=\"\" class=\"rl-gallery-link\" data-rl_caption=\"\" data-rel=\"lightbox-gallery-1\"><img loading=\"lazy\" decoding=\"async\" width=\"300\" height=\"169\" src=\"https:\/\/koparka.bielsko.pl\/wp-content\/uploads\/2019\/02\/Messaging1549443315944-300x169.jpg\" class=\"attachment-medium size-medium\" alt=\"Us\u0142ugi koparko-\u0142adowark\u0105\" srcset=\"https:\/\/koparka.bielsko.pl\/wp-content\/uploads\/2019\/02\/Messaging1549443315944-300x169.jpg 300w, https:\/\/koparka.bielsko.pl\/wp-content\/uploads\/2019\/02\/Messaging1549443315944-768x432.jpg 768w, https:\/\/koparka.bielsko.pl\/wp-content\/uploads\/2019\/02\/Messaging1549443315944-200x113.jpg 200w, https:\/\/koparka.bielsko.pl\/wp-content\/uploads\/2019\/02\/Messaging1549443315944-320x180.jpg 320w, https:\/\/koparka.bielsko.pl\/wp-content\/uploads\/2019\/02\/Messaging1549443315944-384x216.jpg 384w, https:\/\/koparka.bielsko.pl\/wp-content\/uploads\/2019\/02\/Messaging1549443315944-480x270.jpg 480w, https:\/\/koparka.bielsko.pl\/wp-content\/uploads\/2019\/02\/Messaging1549443315944-560x315.jpg 560w, https:\/\/koparka.bielsko.pl\/wp-content\/uploads\/2019\/02\/Messaging1549443315944-600x338.jpg 600w, https:\/\/koparka.bielsko.pl\/wp-content\/uploads\/2019\/02\/Messaging1549443315944-720x405.jpg 720w, https:\/\/koparka.bielsko.pl\/wp-content\/uploads\/2019\/02\/Messaging1549443315944-880x495.jpg 880w, https:\/\/koparka.bielsko.pl\/wp-content\/uploads\/2019\/02\/Messaging1549443315944.jpg 960w\" sizes=\"auto, (max-width: 300px) 100vw, 300px\" \/><\/a>\n\t\t\t<\/div><\/figure><figure class='gallery-item'>\n\t\t\t<div class='gallery-icon landscape'>\n\t\t\t\t<a href='https:\/\/koparka.bielsko.pl\/wp-content\/uploads\/2019\/02\/Messaging1549443350835.jpg' title=\"\" data-rl_title=\"\" class=\"rl-gallery-link\" data-rl_caption=\"\" data-rel=\"lightbox-gallery-1\"><img loading=\"lazy\" decoding=\"async\" width=\"300\" height=\"169\" src=\"https:\/\/koparka.bielsko.pl\/wp-content\/uploads\/2019\/02\/Messaging1549443350835-300x169.jpg\" class=\"attachment-medium size-medium\" alt=\"Us\u0142ugi koparko-\u0142adowark\u0105\" srcset=\"https:\/\/koparka.bielsko.pl\/wp-content\/uploads\/2019\/02\/Messaging1549443350835-300x169.jpg 300w, https:\/\/koparka.bielsko.pl\/wp-content\/uploads\/2019\/02\/Messaging1549443350835-768x432.jpg 768w, https:\/\/koparka.bielsko.pl\/wp-content\/uploads\/2019\/02\/Messaging1549443350835-200x113.jpg 200w, https:\/\/koparka.bielsko.pl\/wp-content\/uploads\/2019\/02\/Messaging1549443350835-320x180.jpg 320w, https:\/\/koparka.bielsko.pl\/wp-content\/uploads\/2019\/02\/Messaging1549443350835-384x216.jpg 384w, https:\/\/koparka.bielsko.pl\/wp-content\/uploads\/2019\/02\/Messaging1549443350835-480x270.jpg 480w, https:\/\/koparka.bielsko.pl\/wp-content\/uploads\/2019\/02\/Messaging1549443350835-560x315.jpg 560w, https:\/\/koparka.bielsko.pl\/wp-content\/uploads\/2019\/02\/Messaging1549443350835-600x338.jpg 600w, https:\/\/koparka.bielsko.pl\/wp-content\/uploads\/2019\/02\/Messaging1549443350835-720x405.jpg 720w, https:\/\/koparka.bielsko.pl\/wp-content\/uploads\/2019\/02\/Messaging1549443350835-880x495.jpg 880w, https:\/\/koparka.bielsko.pl\/wp-content\/uploads\/2019\/02\/Messaging1549443350835.jpg 960w\" sizes=\"auto, (max-width: 300px) 100vw, 300px\" \/><\/a>\n\t\t\t<\/div><\/figure><figure class='gallery-item'>\n\t\t\t<div class='gallery-icon landscape'>\n\t\t\t\t<a href='https:\/\/koparka.bielsko.pl\/wp-content\/uploads\/2019\/02\/Messaging1549443307573.jpg' title=\"\" data-rl_title=\"\" class=\"rl-gallery-link\" data-rl_caption=\"\" data-rel=\"lightbox-gallery-1\"><img loading=\"lazy\" decoding=\"async\" width=\"300\" height=\"169\" src=\"https:\/\/koparka.bielsko.pl\/wp-content\/uploads\/2019\/02\/Messaging1549443307573-300x169.jpg\" class=\"attachment-medium size-medium\" alt=\"Us\u0142ugi koparko-\u0142adowark\u01052\" srcset=\"https:\/\/koparka.bielsko.pl\/wp-content\/uploads\/2019\/02\/Messaging1549443307573-300x169.jpg 300w, https:\/\/koparka.bielsko.pl\/wp-content\/uploads\/2019\/02\/Messaging1549443307573-768x432.jpg 768w, https:\/\/koparka.bielsko.pl\/wp-content\/uploads\/2019\/02\/Messaging1549443307573-200x113.jpg 200w, https:\/\/koparka.bielsko.pl\/wp-content\/uploads\/2019\/02\/Messaging1549443307573-320x180.jpg 320w, https:\/\/koparka.bielsko.pl\/wp-content\/uploads\/2019\/02\/Messaging1549443307573-384x216.jpg 384w, https:\/\/koparka.bielsko.pl\/wp-content\/uploads\/2019\/02\/Messaging1549443307573-480x270.jpg 480w, https:\/\/koparka.bielsko.pl\/wp-content\/uploads\/2019\/02\/Messaging1549443307573-560x315.jpg 560w, https:\/\/koparka.bielsko.pl\/wp-content\/uploads\/2019\/02\/Messaging1549443307573-600x338.jpg 600w, https:\/\/koparka.bielsko.pl\/wp-content\/uploads\/2019\/02\/Messaging1549443307573-720x405.jpg 720w, https:\/\/koparka.bielsko.pl\/wp-content\/uploads\/2019\/02\/Messaging1549443307573-880x495.jpg 880w, https:\/\/koparka.bielsko.pl\/wp-content\/uploads\/2019\/02\/Messaging1549443307573.jpg 960w\" sizes=\"auto, (max-width: 300px) 100vw, 300px\" \/><\/a>\n\t\t\t<\/div><\/figure><figure class='gallery-item'>\n\t\t\t<div class='gallery-icon portrait'>\n\t\t\t\t<a href='https:\/\/koparka.bielsko.pl\/wp-content\/uploads\/2019\/02\/Messaging1549443321181.jpg' title=\"\" data-rl_title=\"\" class=\"rl-gallery-link\" data-rl_caption=\"\" data-rel=\"lightbox-gallery-1\"><img loading=\"lazy\" decoding=\"async\" width=\"169\" height=\"300\" src=\"https:\/\/koparka.bielsko.pl\/wp-content\/uploads\/2019\/02\/Messaging1549443321181-169x300.jpg\" class=\"attachment-medium size-medium\" alt=\"Us\u0142ugi koparko-\u0142adowark\u0105\" srcset=\"https:\/\/koparka.bielsko.pl\/wp-content\/uploads\/2019\/02\/Messaging1549443321181-169x300.jpg 169w, https:\/\/koparka.bielsko.pl\/wp-content\/uploads\/2019\/02\/Messaging1549443321181-200x356.jpg 200w, https:\/\/koparka.bielsko.pl\/wp-content\/uploads\/2019\/02\/Messaging1549443321181-320x569.jpg 320w, https:\/\/koparka.bielsko.pl\/wp-content\/uploads\/2019\/02\/Messaging1549443321181-384x683.jpg 384w, https:\/\/koparka.bielsko.pl\/wp-content\/uploads\/2019\/02\/Messaging1549443321181-480x853.jpg 480w, https:\/\/koparka.bielsko.pl\/wp-content\/uploads\/2019\/02\/Messaging1549443321181.jpg 540w\" sizes=\"auto, (max-width: 169px) 100vw, 169px\" \/><\/a>\n\t\t\t<\/div><\/figure><figure class='gallery-item'>\n\t\t\t<div class='gallery-icon portrait'>\n\t\t\t\t<a href='https:\/\/koparka.bielsko.pl\/wp-content\/uploads\/2019\/02\/Messaging1549443331957.jpg' title=\"\" data-rl_title=\"\" class=\"rl-gallery-link\" data-rl_caption=\"\" data-rel=\"lightbox-gallery-1\"><img loading=\"lazy\" decoding=\"async\" width=\"169\" height=\"300\" src=\"https:\/\/koparka.bielsko.pl\/wp-content\/uploads\/2019\/02\/Messaging1549443331957-169x300.jpg\" class=\"attachment-medium size-medium\" alt=\"Us\u0142ugi koparko-\u0142adowark\u0105\" srcset=\"https:\/\/koparka.bielsko.pl\/wp-content\/uploads\/2019\/02\/Messaging1549443331957-169x300.jpg 169w, https:\/\/koparka.bielsko.pl\/wp-content\/uploads\/2019\/02\/Messaging1549443331957-200x356.jpg 200w, https:\/\/koparka.bielsko.pl\/wp-content\/uploads\/2019\/02\/Messaging1549443331957-320x569.jpg 320w, https:\/\/koparka.bielsko.pl\/wp-content\/uploads\/2019\/02\/Messaging1549443331957-384x683.jpg 384w, https:\/\/koparka.bielsko.pl\/wp-content\/uploads\/2019\/02\/Messaging1549443331957-480x853.jpg 480w, https:\/\/koparka.bielsko.pl\/wp-content\/uploads\/2019\/02\/Messaging1549443331957.jpg 540w\" sizes=\"auto, (max-width: 169px) 100vw, 169px\" \/><\/a>\n\t\t\t<\/div><\/figure><figure class='gallery-item'>\n\t\t\t<div class='gallery-icon portrait'>\n\t\t\t\t<a href='https:\/\/koparka.bielsko.pl\/wp-content\/uploads\/2019\/02\/Messaging1549443339408.jpg' title=\"\" data-rl_title=\"\" class=\"rl-gallery-link\" data-rl_caption=\"\" data-rel=\"lightbox-gallery-1\"><img loading=\"lazy\" decoding=\"async\" width=\"169\" height=\"300\" src=\"https:\/\/koparka.bielsko.pl\/wp-content\/uploads\/2019\/02\/Messaging1549443339408-169x300.jpg\" class=\"attachment-medium size-medium\" alt=\"Us\u0142ugi koparko-\u0142adowark\u0105\" srcset=\"https:\/\/koparka.bielsko.pl\/wp-content\/uploads\/2019\/02\/Messaging1549443339408-169x300.jpg 169w, https:\/\/koparka.bielsko.pl\/wp-content\/uploads\/2019\/02\/Messaging1549443339408-200x356.jpg 200w, https:\/\/koparka.bielsko.pl\/wp-content\/uploads\/2019\/02\/Messaging1549443339408-320x569.jpg 320w, https:\/\/koparka.bielsko.pl\/wp-content\/uploads\/2019\/02\/Messaging1549443339408-384x683.jpg 384w, https:\/\/koparka.bielsko.pl\/wp-content\/uploads\/2019\/02\/Messaging1549443339408-480x853.jpg 480w, https:\/\/koparka.bielsko.pl\/wp-content\/uploads\/2019\/02\/Messaging1549443339408.jpg 540w\" sizes=\"auto, (max-width: 169px) 100vw, 169px\" \/><\/a>\n\t\t\t<\/div><\/figure><figure class='gallery-item'>\n\t\t\t<div class='gallery-icon portrait'>\n\t\t\t\t<a href='https:\/\/koparka.bielsko.pl\/wp-content\/uploads\/2019\/02\/Messaging1549443346726.jpg' title=\"\" data-rl_title=\"\" class=\"rl-gallery-link\" data-rl_caption=\"\" data-rel=\"lightbox-gallery-1\"><img loading=\"lazy\" decoding=\"async\" width=\"169\" height=\"300\" src=\"https:\/\/koparka.bielsko.pl\/wp-content\/uploads\/2019\/02\/Messaging1549443346726-169x300.jpg\" class=\"attachment-medium size-medium\" alt=\"Us\u0142ugi koparko-\u0142adowark\u0105\" srcset=\"https:\/\/koparka.bielsko.pl\/wp-content\/uploads\/2019\/02\/Messaging1549443346726-169x300.jpg 169w, https:\/\/koparka.bielsko.pl\/wp-content\/uploads\/2019\/02\/Messaging1549443346726-200x356.jpg 200w, https:\/\/koparka.bielsko.pl\/wp-content\/uploads\/2019\/02\/Messaging1549443346726-320x569.jpg 320w, https:\/\/koparka.bielsko.pl\/wp-content\/uploads\/2019\/02\/Messaging1549443346726-384x683.jpg 384w, https:\/\/koparka.bielsko.pl\/wp-content\/uploads\/2019\/02\/Messaging1549443346726-480x853.jpg 480w, https:\/\/koparka.bielsko.pl\/wp-content\/uploads\/2019\/02\/Messaging1549443346726.jpg 540w\" sizes=\"auto, (max-width: 169px) 100vw, 169px\" \/><\/a>\n\t\t\t<\/div><\/figure>\n\t\t<\/div>\n\n","protected":false},"excerpt":{"rendered":"","protected":false},"author":1,"featured_media":0,"parent":0,"menu_order":0,"comment_status":"closed","ping_status":"closed","template":"","meta":{"footnotes":""},"class_list":["post-50","page","type-page","status-publish","hentry","not-sticky"],"_links":{"self":[{"href":"https:\/\/koparka.bielsko.pl\/index.php\/wp-json\/wp\/v2\/pages\/50","targetHints":{"allow":["GET"]}}],"collection":[{"href":"https:\/\/koparka.bielsko.pl\/index.php\/wp-json\/wp\/v2\/pages"}],"about":[{"href":"https:\/\/koparka.bielsko.pl\/index.php\/wp-json\/wp\/v2\/types\/page"}],"author":[{"embeddable":true,"href":"https:\/\/koparka.bielsko.pl\/index.php\/wp-json\/wp\/v2\/users\/1"}],"replies":[{"embeddable":true,"href":"https:\/\/koparka.bielsko.pl\/index.php\/wp-json\/wp\/v2\/comments?post=50"}],"version-history":[{"count":7,"href":"https:\/\/koparka.bielsko.pl\/index.php\/wp-json\/wp\/v2\/pages\/50\/revisions"}],"predecessor-version":[{"id":68,"href":"https:\/\/koparka.bielsko.pl\/index.php\/wp-json\/wp\/v2\/pages\/50\/revisions\/68"}],"wp:attachment":[{"href":"https:\/\/koparka.bielsko.pl\/index.php\/wp-json\/wp\/v2\/media?parent=50"}],"curies":[{"name":"wp","href":"https:\/\/api.w.org\/{rel}","templated":true}]}}