{"id":2,"date":"2019-02-05T16:32:25","date_gmt":"2019-02-05T16:32:25","guid":{"rendered":"https:\/\/koparka.bielsko.pl\/?page_id=2"},"modified":"2019-02-06T12:30:44","modified_gmt":"2019-02-06T12:30:44","slug":"sample-page","status":"publish","type":"page","link":"https:\/\/koparka.bielsko.pl\/","title":{"rendered":"Us\u0142ugi koparko-\u0142adowark\u0105"},"content":{"rendered":"\r\n<p>Oferujemy:\u00a0<\/p>\r\n<ul>\r\n<li>wykopy fundament\u00f3w, wjazd\u00f3w, plac\u00f3w,<\/li>\r\n<li>wykopy pod szamba,<\/li>\r\n<li>wybieranie &#8211; niwelacja terenu,<\/li>\r\n<li>przy\u0142\u0105cza wody,<\/li>\r\n<li>transport samochodem samowy\u0142adowczym,<\/li>\r\n<li>kruszywa budowane, drogowe,<\/li>\r\n<li>opa\u0142: w\u0119giel, eko-groszek, mia\u0142 energetyczny.<\/li>\r\n<\/ul>\r\n<p>Tel. <a href=\"tel:509565845\">509 565 845<\/a><br \/>email: <a href=\"mailto:biuro@koparka.bielsko.pl\">biuro@koparka.bielsko.pl<\/a><\/p>\r\n<p><img loading=\"lazy\" decoding=\"async\" class=\"size-large wp-image-13\" src=\"https:\/\/koparka.bielsko.pl\/wp-content\/uploads\/2019\/02\/mal-bud-malarz-1024x308.jpg\" alt=\"Mal-Bud us\u0142ugi koparko-\u0142adowark\u0105\" width=\"680\" height=\"205\" srcset=\"https:\/\/koparka.bielsko.pl\/wp-content\/uploads\/2019\/02\/mal-bud-malarz-1024x308.jpg 1024w, https:\/\/koparka.bielsko.pl\/wp-content\/uploads\/2019\/02\/mal-bud-malarz-300x90.jpg 300w, https:\/\/koparka.bielsko.pl\/wp-content\/uploads\/2019\/02\/mal-bud-malarz-768x231.jpg 768w, https:\/\/koparka.bielsko.pl\/wp-content\/uploads\/2019\/02\/mal-bud-malarz-200x60.jpg 200w, https:\/\/koparka.bielsko.pl\/wp-content\/uploads\/2019\/02\/mal-bud-malarz-320x96.jpg 320w, https:\/\/koparka.bielsko.pl\/wp-content\/uploads\/2019\/02\/mal-bud-malarz-384x115.jpg 384w, https:\/\/koparka.bielsko.pl\/wp-content\/uploads\/2019\/02\/mal-bud-malarz-480x144.jpg 480w, https:\/\/koparka.bielsko.pl\/wp-content\/uploads\/2019\/02\/mal-bud-malarz-560x168.jpg 560w, https:\/\/koparka.bielsko.pl\/wp-content\/uploads\/2019\/02\/mal-bud-malarz-600x180.jpg 600w, https:\/\/koparka.bielsko.pl\/wp-content\/uploads\/2019\/02\/mal-bud-malarz-720x216.jpg 720w, https:\/\/koparka.bielsko.pl\/wp-content\/uploads\/2019\/02\/mal-bud-malarz-880x264.jpg 880w, https:\/\/koparka.bielsko.pl\/wp-content\/uploads\/2019\/02\/mal-bud-malarz-1200x360.jpg 1200w\" sizes=\"auto, (max-width: 680px) 100vw, 680px\" \/><\/p>\r\n","protected":false},"excerpt":{"rendered":"<p>Oferujemy:\u00a0 wykopy fundament\u00f3w, wjazd\u00f3w, plac\u00f3w, wykopy pod szamba, wybieranie &#8211; niwelacja terenu, przy\u0142\u0105cza wody, transport samochodem samowy\u0142adowczym, kruszywa budowane, drogowe,<\/p>\n","protected":false},"author":1,"featured_media":0,"parent":0,"menu_order":0,"comment_status":"closed","ping_status":"open","template":"","meta":{"footnotes":""},"class_list":["post-2","page","type-page","status-publish","hentry","not-sticky"],"_links":{"self":[{"href":"https:\/\/koparka.bielsko.pl\/index.php\/wp-json\/wp\/v2\/pages\/2","targetHints":{"allow":["GET"]}}],"collection":[{"href":"https:\/\/koparka.bielsko.pl\/index.php\/wp-json\/wp\/v2\/pages"}],"about":[{"href":"https:\/\/koparka.bielsko.pl\/index.php\/wp-json\/wp\/v2\/types\/page"}],"author":[{"embeddable":true,"href":"https:\/\/koparka.bielsko.pl\/index.php\/wp-json\/wp\/v2\/users\/1"}],"replies":[{"embeddable":true,"href":"https:\/\/koparka.bielsko.pl\/index.php\/wp-json\/wp\/v2\/comments?post=2"}],"version-history":[{"count":9,"href":"https:\/\/koparka.bielsko.pl\/index.php\/wp-json\/wp\/v2\/pages\/2\/revisions"}],"predecessor-version":[{"id":20,"href":"https:\/\/koparka.bielsko.pl\/index.php\/wp-json\/wp\/v2\/pages\/2\/revisions\/20"}],"wp:attachment":[{"href":"https:\/\/koparka.bielsko.pl\/index.php\/wp-json\/wp\/v2\/media?parent=2"}],"curies":[{"name":"wp","href":"https:\/\/api.w.org\/{rel}","templated":true}]}}